{"id":12,"date":"2024-03-01T11:29:17","date_gmt":"2024-03-01T10:29:17","guid":{"rendered":"https:\/\/fb2b.fr\/?page_id=12"},"modified":"2024-03-12T15:51:45","modified_gmt":"2024-03-12T14:51:45","slug":"accueil","status":"publish","type":"page","link":"https:\/\/fb2b.fr\/","title":{"rendered":"Accueil"},"content":{"rendered":"\t\t<div data-elementor-type=\"wp-page\" data-elementor-id=\"12\" class=\"elementor elementor-12\">\n\t\t\t\t<div class=\"elementor-element elementor-element-300b24e4 e-flex e-con-boxed e-con e-parent\" data-id=\"300b24e4\" data-element_type=\"container\" data-e-type=\"container\">\n\t\t\t\t\t<div class=\"e-con-inner\">\n\t\t\t\t<div class=\"elementor-element elementor-element-2578d1a2 elementor-widget elementor-widget-text-editor\" data-id=\"2578d1a2\" data-element_type=\"widget\" data-e-type=\"widget\" data-widget_type=\"text-editor.default\">\n\t\t\t\t<div class=\"elementor-widget-container\">\n\t\t\t\t\t\t\t\t\t<p><\/p>\n<p><br \/>D\u00e9couvrez FB2B, votre sp\u00e9cialiste de confiance en plomberie et \u00e9lectricit\u00e9 depuis 2018. \u00e0 Bastia et ses environs. De la recherche de fuites aux d\u00e9pannages, \u00e0 la r\u00e9paration et la r\u00e9novations de vos sanitaires et de vos \u00e9quipements \u00e9lectriques, FB2B est l\u00e0 pour r\u00e9pondre \u00e0 tous vos besoins.<\/p>\n<p><\/p>\n<p><\/p>\n<p><span style=\"color: var( --e-global-color-text ); font-family: var( --e-global-typography-text-font-family ), Sans-serif; font-weight: var( --e-global-typography-text-font-weight ); text-align: var(--text-align); font-size: 1rem;\">Contactez nous au 07 83 90 41 55<\/span><\/p>\n<p><\/p>\t\t\t\t\t\t\t\t<\/div>\n\t\t\t\t<\/div>\n\t\t\t\t\t<\/div>\n\t\t\t\t<\/div>\n\t\t\t\t<\/div>\n\t\t","protected":false},"excerpt":{"rendered":"<p>D\u00e9couvrez FB2B, votre sp\u00e9cialiste de confiance en plomberie et \u00e9lectricit\u00e9 depuis 2018. \u00e0 Bastia et ses environs. De la recherche de fuites aux d\u00e9pannages, \u00e0 la r\u00e9paration et la r\u00e9novations de vos sanitaires et de vos \u00e9quipements \u00e9lectriques, FB2B est l\u00e0 pour r\u00e9pondre \u00e0 tous vos besoins. Contactez nous au 07 83 90 41 55<\/p>\n","protected":false},"author":1,"featured_media":0,"parent":0,"menu_order":0,"comment_status":"closed","ping_status":"closed","template":"","meta":{"footnotes":""},"class_list":["post-12","page","type-page","status-publish","hentry"],"yoast_head":"<!-- This site is optimized with the Yoast SEO plugin v27.4 - https:\/\/yoast.com\/product\/yoast-seo-wordpress\/ -->\n<title>Accueil - FB2b<\/title>\n<meta name=\"description\" content=\"plomberie, sanitaire, d\u00e9pannage, fuite, salle de bain, ,Installation, r\u00e9novation plomberie, installation robinet,D\u00e9pannage de chauffe-eau Corse,D\u00e9pannage robinet,D\u00e9pannage D\u00e9pannage Bastia, furiani, Borgo, Biguglia, 20200, 20600, Haute-Corse, Diagnostic plomberie Corse,Diagnostic plomberie, recherche de fuite, d\u00e9pannage 7\/7,\" \/>\n<meta name=\"robots\" content=\"index, follow, max-snippet:-1, max-image-preview:large, max-video-preview:-1\" \/>\n<link rel=\"canonical\" href=\"https:\/\/fb2b.fr\/\" \/>\n<meta property=\"og:locale\" content=\"en_US\" \/>\n<meta property=\"og:type\" content=\"article\" \/>\n<meta property=\"og:title\" content=\"Accueil - FB2b\" \/>\n<meta property=\"og:description\" content=\"plomberie, sanitaire, d\u00e9pannage, fuite, salle de bain, ,Installation, r\u00e9novation plomberie, installation robinet,D\u00e9pannage de chauffe-eau Corse,D\u00e9pannage robinet,D\u00e9pannage D\u00e9pannage Bastia, furiani, Borgo, Biguglia, 20200, 20600, Haute-Corse, Diagnostic plomberie Corse,Diagnostic plomberie, recherche de fuite, d\u00e9pannage 7\/7,\" \/>\n<meta property=\"og:url\" content=\"https:\/\/fb2b.fr\/\" \/>\n<meta property=\"og:site_name\" content=\"FB2b\" \/>\n<meta property=\"article:publisher\" content=\"https:\/\/www.facebook.com\/fb2bplomberie\" \/>\n<meta property=\"article:modified_time\" content=\"2024-03-12T14:51:45+00:00\" \/>\n<meta name=\"twitter:card\" content=\"summary_large_image\" \/>\n<meta name=\"twitter:label1\" content=\"Est. reading time\" \/>\n\t<meta name=\"twitter:data1\" content=\"1 minute\" \/>\n<script type=\"application\/ld+json\" class=\"yoast-schema-graph\">{\"@context\":\"https:\\\/\\\/schema.org\",\"@graph\":[{\"@type\":\"WebPage\",\"@id\":\"https:\\\/\\\/fb2b.fr\\\/\",\"url\":\"https:\\\/\\\/fb2b.fr\\\/\",\"name\":\"Accueil - FB2b\",\"isPartOf\":{\"@id\":\"https:\\\/\\\/fb2b.fr\\\/#website\"},\"datePublished\":\"2024-03-01T10:29:17+00:00\",\"dateModified\":\"2024-03-12T14:51:45+00:00\",\"description\":\"plomberie, sanitaire, d\u00e9pannage, fuite, salle de bain, ,Installation, r\u00e9novation plomberie, installation robinet,D\u00e9pannage de chauffe-eau Corse,D\u00e9pannage robinet,D\u00e9pannage D\u00e9pannage Bastia, furiani, Borgo, Biguglia, 20200, 20600, Haute-Corse, Diagnostic plomberie Corse,Diagnostic plomberie, recherche de fuite, d\u00e9pannage 7\\\/7,\",\"breadcrumb\":{\"@id\":\"https:\\\/\\\/fb2b.fr\\\/#breadcrumb\"},\"inLanguage\":\"en-US\",\"potentialAction\":[{\"@type\":\"ReadAction\",\"target\":[\"https:\\\/\\\/fb2b.fr\\\/\"]}]},{\"@type\":\"BreadcrumbList\",\"@id\":\"https:\\\/\\\/fb2b.fr\\\/#breadcrumb\",\"itemListElement\":[{\"@type\":\"ListItem\",\"position\":1,\"name\":\"Accueil\",\"item\":\"https:\\\/\\\/fb2b.fr\\\/\"},{\"@type\":\"ListItem\",\"position\":2,\"name\":\"Accueil\"}]},{\"@type\":\"WebSite\",\"@id\":\"https:\\\/\\\/fb2b.fr\\\/#website\",\"url\":\"https:\\\/\\\/fb2b.fr\\\/\",\"name\":\"FB2b\",\"description\":\"Plomberie \u00c9lectricit\u00e9 R\u00e9novation \",\"publisher\":{\"@id\":\"https:\\\/\\\/fb2b.fr\\\/#organization\"},\"potentialAction\":[{\"@type\":\"SearchAction\",\"target\":{\"@type\":\"EntryPoint\",\"urlTemplate\":\"https:\\\/\\\/fb2b.fr\\\/?s={search_term_string}\"},\"query-input\":{\"@type\":\"PropertyValueSpecification\",\"valueRequired\":true,\"valueName\":\"search_term_string\"}}],\"inLanguage\":\"en-US\"},{\"@type\":\"Organization\",\"@id\":\"https:\\\/\\\/fb2b.fr\\\/#organization\",\"name\":\"FB2b\",\"url\":\"https:\\\/\\\/fb2b.fr\\\/\",\"logo\":{\"@type\":\"ImageObject\",\"inLanguage\":\"en-US\",\"@id\":\"https:\\\/\\\/fb2b.fr\\\/#\\\/schema\\\/logo\\\/image\\\/\",\"url\":\"https:\\\/\\\/fb2b.fr\\\/wp-content\\\/uploads\\\/2024\\\/03\\\/cropped-Logo-FB2B-rond-transparent.png\",\"contentUrl\":\"https:\\\/\\\/fb2b.fr\\\/wp-content\\\/uploads\\\/2024\\\/03\\\/cropped-Logo-FB2B-rond-transparent.png\",\"width\":250,\"height\":250,\"caption\":\"FB2b\"},\"image\":{\"@id\":\"https:\\\/\\\/fb2b.fr\\\/#\\\/schema\\\/logo\\\/image\\\/\"},\"sameAs\":[\"https:\\\/\\\/www.facebook.com\\\/fb2bplomberie\"]}]}<\/script>\n<!-- \/ Yoast SEO plugin. -->","yoast_head_json":{"title":"Accueil - FB2b","description":"plomberie, sanitaire, d\u00e9pannage, fuite, salle de bain, ,Installation, r\u00e9novation plomberie, installation robinet,D\u00e9pannage de chauffe-eau Corse,D\u00e9pannage robinet,D\u00e9pannage D\u00e9pannage Bastia, furiani, Borgo, Biguglia, 20200, 20600, Haute-Corse, Diagnostic plomberie Corse,Diagnostic plomberie, recherche de fuite, d\u00e9pannage 7\/7,","robots":{"index":"index","follow":"follow","max-snippet":"max-snippet:-1","max-image-preview":"max-image-preview:large","max-video-preview":"max-video-preview:-1"},"canonical":"https:\/\/fb2b.fr\/","og_locale":"en_US","og_type":"article","og_title":"Accueil - FB2b","og_description":"plomberie, sanitaire, d\u00e9pannage, fuite, salle de bain, ,Installation, r\u00e9novation plomberie, installation robinet,D\u00e9pannage de chauffe-eau Corse,D\u00e9pannage robinet,D\u00e9pannage D\u00e9pannage Bastia, furiani, Borgo, Biguglia, 20200, 20600, Haute-Corse, Diagnostic plomberie Corse,Diagnostic plomberie, recherche de fuite, d\u00e9pannage 7\/7,","og_url":"https:\/\/fb2b.fr\/","og_site_name":"FB2b","article_publisher":"https:\/\/www.facebook.com\/fb2bplomberie","article_modified_time":"2024-03-12T14:51:45+00:00","twitter_card":"summary_large_image","twitter_misc":{"Est. reading time":"1 minute"},"schema":{"@context":"https:\/\/schema.org","@graph":[{"@type":"WebPage","@id":"https:\/\/fb2b.fr\/","url":"https:\/\/fb2b.fr\/","name":"Accueil - FB2b","isPartOf":{"@id":"https:\/\/fb2b.fr\/#website"},"datePublished":"2024-03-01T10:29:17+00:00","dateModified":"2024-03-12T14:51:45+00:00","description":"plomberie, sanitaire, d\u00e9pannage, fuite, salle de bain, ,Installation, r\u00e9novation plomberie, installation robinet,D\u00e9pannage de chauffe-eau Corse,D\u00e9pannage robinet,D\u00e9pannage D\u00e9pannage Bastia, furiani, Borgo, Biguglia, 20200, 20600, Haute-Corse, Diagnostic plomberie Corse,Diagnostic plomberie, recherche de fuite, d\u00e9pannage 7\/7,","breadcrumb":{"@id":"https:\/\/fb2b.fr\/#breadcrumb"},"inLanguage":"en-US","potentialAction":[{"@type":"ReadAction","target":["https:\/\/fb2b.fr\/"]}]},{"@type":"BreadcrumbList","@id":"https:\/\/fb2b.fr\/#breadcrumb","itemListElement":[{"@type":"ListItem","position":1,"name":"Accueil","item":"https:\/\/fb2b.fr\/"},{"@type":"ListItem","position":2,"name":"Accueil"}]},{"@type":"WebSite","@id":"https:\/\/fb2b.fr\/#website","url":"https:\/\/fb2b.fr\/","name":"FB2b","description":"Plomberie \u00c9lectricit\u00e9 R\u00e9novation ","publisher":{"@id":"https:\/\/fb2b.fr\/#organization"},"potentialAction":[{"@type":"SearchAction","target":{"@type":"EntryPoint","urlTemplate":"https:\/\/fb2b.fr\/?s={search_term_string}"},"query-input":{"@type":"PropertyValueSpecification","valueRequired":true,"valueName":"search_term_string"}}],"inLanguage":"en-US"},{"@type":"Organization","@id":"https:\/\/fb2b.fr\/#organization","name":"FB2b","url":"https:\/\/fb2b.fr\/","logo":{"@type":"ImageObject","inLanguage":"en-US","@id":"https:\/\/fb2b.fr\/#\/schema\/logo\/image\/","url":"https:\/\/fb2b.fr\/wp-content\/uploads\/2024\/03\/cropped-Logo-FB2B-rond-transparent.png","contentUrl":"https:\/\/fb2b.fr\/wp-content\/uploads\/2024\/03\/cropped-Logo-FB2B-rond-transparent.png","width":250,"height":250,"caption":"FB2b"},"image":{"@id":"https:\/\/fb2b.fr\/#\/schema\/logo\/image\/"},"sameAs":["https:\/\/www.facebook.com\/fb2bplomberie"]}]}},"_links":{"self":[{"href":"https:\/\/fb2b.fr\/index.php\/wp-json\/wp\/v2\/pages\/12","targetHints":{"allow":["GET"]}}],"collection":[{"href":"https:\/\/fb2b.fr\/index.php\/wp-json\/wp\/v2\/pages"}],"about":[{"href":"https:\/\/fb2b.fr\/index.php\/wp-json\/wp\/v2\/types\/page"}],"author":[{"embeddable":true,"href":"https:\/\/fb2b.fr\/index.php\/wp-json\/wp\/v2\/users\/1"}],"replies":[{"embeddable":true,"href":"https:\/\/fb2b.fr\/index.php\/wp-json\/wp\/v2\/comments?post=12"}],"version-history":[{"count":9,"href":"https:\/\/fb2b.fr\/index.php\/wp-json\/wp\/v2\/pages\/12\/revisions"}],"predecessor-version":[{"id":105,"href":"https:\/\/fb2b.fr\/index.php\/wp-json\/wp\/v2\/pages\/12\/revisions\/105"}],"wp:attachment":[{"href":"https:\/\/fb2b.fr\/index.php\/wp-json\/wp\/v2\/media?parent=12"}],"curies":[{"name":"wp","href":"https:\/\/api.w.org\/{rel}","templated":true}]}}