{"id":13,"date":"2024-03-01T11:29:17","date_gmt":"2024-03-01T10:29:17","guid":{"rendered":"https:\/\/fb2b.fr\/?page_id=13"},"modified":"2024-03-10T12:59:45","modified_gmt":"2024-03-10T11:59:45","slug":"a-propos-de","status":"publish","type":"page","link":"https:\/\/fb2b.fr\/index.php\/a-propos-de\/","title":{"rendered":"\u00c0 propos de"},"content":{"rendered":"\t\t<div data-elementor-type=\"wp-page\" data-elementor-id=\"13\" class=\"elementor elementor-13\">\n\t\t\t\t<div class=\"elementor-element elementor-element-5e98d3bb e-flex e-con-boxed e-con e-parent\" data-id=\"5e98d3bb\" data-element_type=\"container\" data-e-type=\"container\">\n\t\t\t\t\t<div class=\"e-con-inner\">\n\t\t\t\t<div class=\"elementor-element elementor-element-336e3ef3 elementor-widget elementor-widget-text-editor\" data-id=\"336e3ef3\" data-element_type=\"widget\" data-e-type=\"widget\" data-widget_type=\"text-editor.default\">\n\t\t\t\t<div class=\"elementor-widget-container\">\n\t\t\t\t\t\t\t\t\t<p><\/p>\n<p>FB2B est une entreprise enregistr\u00e9e au registre RCS de Bastia, domicili\u00e9e au chemin de Pastoreccia, 20600 Bastia.<\/p>\n<p>Bas\u00e9e \u00e0 Bastia, notre entreprise sert \u00e9galement les zones avoisinantes telles que Furiani, Biguglia, Borgo, et bien d&#8217;autres encore. Chez FB2B, notre engagement est de vous offrir des services de qualit\u00e9, un accompagnement personnalis\u00e9s dans vos travaux et adapt\u00e9 \u00e0 votre budget.<\/p>\n<p>Chez FB2B, nous comprenons l&#8217;importance d&#8217;une intervention rapide et fiable, c&#8217;est pourquoi nous nous effor\u00e7ons de fournir un service r\u00e9actif et de qualit\u00e9 sup\u00e9rieure \u00e0 tous nos clients. Nous sommes fiers de notre r\u00e9putation d&#8217;excellence et nous nous engageons \u00e0 maintenir les normes les plus \u00e9lev\u00e9es dans tout ce que nous entreprenons.<\/p>\n<p>Faites confiance \u00e0 FB2B pour tous vos besoins en plomberie et \u00e9lectricit\u00e9. Nous sommes l\u00e0 pour vous offrir des solutions sur mesure et des r\u00e9sultats exceptionnels \u00e0 chaque fois.<\/p>\n<p>Contactez nous au 07 83 90 41 55<\/p>\n<p><\/p>\t\t\t\t\t\t\t\t<\/div>\n\t\t\t\t<\/div>\n\t\t\t\t\t<\/div>\n\t\t\t\t<\/div>\n\t\t\t\t<\/div>\n\t\t","protected":false},"excerpt":{"rendered":"<p>FB2B est une entreprise enregistr\u00e9e au registre RCS de Bastia, domicili\u00e9e au chemin de Pastoreccia, 20600 Bastia. Bas\u00e9e \u00e0 Bastia, notre entreprise sert \u00e9galement les zones avoisinantes telles que Furiani, Biguglia, Borgo, et bien d&#8217;autres encore. Chez FB2B, notre engagement est de vous offrir des services de qualit\u00e9, un accompagnement personnalis\u00e9s dans vos travaux et &hellip; <\/p>\n<p class=\"link-more\"><a href=\"https:\/\/fb2b.fr\/index.php\/a-propos-de\/\" class=\"more-link\">Continue reading<span class=\"screen-reader-text\"> &#8220;\u00c0 propos de&#8221;<\/span><\/a><\/p>\n","protected":false},"author":1,"featured_media":40,"parent":0,"menu_order":0,"comment_status":"closed","ping_status":"closed","template":"","meta":{"footnotes":""},"class_list":["post-13","page","type-page","status-publish","has-post-thumbnail","hentry"],"yoast_head":"<!-- This site is optimized with the Yoast SEO plugin v27.3 - https:\/\/yoast.com\/product\/yoast-seo-wordpress\/ -->\n<title>\u00c0 propos de - FB2b<\/title>\n<meta name=\"robots\" content=\"index, follow, max-snippet:-1, max-image-preview:large, max-video-preview:-1\" \/>\n<link rel=\"canonical\" href=\"https:\/\/fb2b.fr\/index.php\/a-propos-de\/\" \/>\n<meta property=\"og:locale\" content=\"en_US\" \/>\n<meta property=\"og:type\" content=\"article\" \/>\n<meta property=\"og:title\" content=\"\u00c0 propos de - FB2b\" \/>\n<meta property=\"og:description\" content=\"FB2B est une entreprise enregistr\u00e9e au registre RCS de Bastia, domicili\u00e9e au chemin de Pastoreccia, 20600 Bastia. Bas\u00e9e \u00e0 Bastia, notre entreprise sert \u00e9galement les zones avoisinantes telles que Furiani, Biguglia, Borgo, et bien d&#8217;autres encore. Chez FB2B, notre engagement est de vous offrir des services de qualit\u00e9, un accompagnement personnalis\u00e9s dans vos travaux et &hellip; Continue reading &quot;\u00c0 propos de&quot;\" \/>\n<meta property=\"og:url\" content=\"https:\/\/fb2b.fr\/index.php\/a-propos-de\/\" \/>\n<meta property=\"og:site_name\" content=\"FB2b\" \/>\n<meta property=\"article:publisher\" content=\"https:\/\/www.facebook.com\/fb2bplomberie\" \/>\n<meta property=\"article:modified_time\" content=\"2024-03-10T11:59:45+00:00\" \/>\n<meta property=\"og:image\" content=\"https:\/\/fb2b.fr\/wp-content\/uploads\/2024\/03\/6-1024x614.png\" \/>\n\t<meta property=\"og:image:width\" content=\"1024\" \/>\n\t<meta property=\"og:image:height\" content=\"614\" \/>\n\t<meta property=\"og:image:type\" content=\"image\/png\" \/>\n<meta name=\"twitter:card\" content=\"summary_large_image\" \/>\n<meta name=\"twitter:label1\" content=\"Est. reading time\" \/>\n\t<meta name=\"twitter:data1\" content=\"1 minute\" \/>\n<script type=\"application\/ld+json\" class=\"yoast-schema-graph\">{\"@context\":\"https:\\\/\\\/schema.org\",\"@graph\":[{\"@type\":\"WebPage\",\"@id\":\"https:\\\/\\\/fb2b.fr\\\/index.php\\\/a-propos-de\\\/\",\"url\":\"https:\\\/\\\/fb2b.fr\\\/index.php\\\/a-propos-de\\\/\",\"name\":\"\u00c0 propos de - FB2b\",\"isPartOf\":{\"@id\":\"https:\\\/\\\/fb2b.fr\\\/#website\"},\"primaryImageOfPage\":{\"@id\":\"https:\\\/\\\/fb2b.fr\\\/index.php\\\/a-propos-de\\\/#primaryimage\"},\"image\":{\"@id\":\"https:\\\/\\\/fb2b.fr\\\/index.php\\\/a-propos-de\\\/#primaryimage\"},\"thumbnailUrl\":\"https:\\\/\\\/fb2b.fr\\\/wp-content\\\/uploads\\\/2024\\\/03\\\/6.png\",\"datePublished\":\"2024-03-01T10:29:17+00:00\",\"dateModified\":\"2024-03-10T11:59:45+00:00\",\"breadcrumb\":{\"@id\":\"https:\\\/\\\/fb2b.fr\\\/index.php\\\/a-propos-de\\\/#breadcrumb\"},\"inLanguage\":\"en-US\",\"potentialAction\":[{\"@type\":\"ReadAction\",\"target\":[\"https:\\\/\\\/fb2b.fr\\\/index.php\\\/a-propos-de\\\/\"]}]},{\"@type\":\"ImageObject\",\"inLanguage\":\"en-US\",\"@id\":\"https:\\\/\\\/fb2b.fr\\\/index.php\\\/a-propos-de\\\/#primaryimage\",\"url\":\"https:\\\/\\\/fb2b.fr\\\/wp-content\\\/uploads\\\/2024\\\/03\\\/6.png\",\"contentUrl\":\"https:\\\/\\\/fb2b.fr\\\/wp-content\\\/uploads\\\/2024\\\/03\\\/6.png\",\"width\":2000,\"height\":1200},{\"@type\":\"BreadcrumbList\",\"@id\":\"https:\\\/\\\/fb2b.fr\\\/index.php\\\/a-propos-de\\\/#breadcrumb\",\"itemListElement\":[{\"@type\":\"ListItem\",\"position\":1,\"name\":\"Accueil\",\"item\":\"https:\\\/\\\/fb2b.fr\\\/\"},{\"@type\":\"ListItem\",\"position\":2,\"name\":\"\u00c0 propos de\"}]},{\"@type\":\"WebSite\",\"@id\":\"https:\\\/\\\/fb2b.fr\\\/#website\",\"url\":\"https:\\\/\\\/fb2b.fr\\\/\",\"name\":\"FB2b\",\"description\":\"Plomberie \u00c9lectricit\u00e9 R\u00e9novation \",\"publisher\":{\"@id\":\"https:\\\/\\\/fb2b.fr\\\/#organization\"},\"potentialAction\":[{\"@type\":\"SearchAction\",\"target\":{\"@type\":\"EntryPoint\",\"urlTemplate\":\"https:\\\/\\\/fb2b.fr\\\/?s={search_term_string}\"},\"query-input\":{\"@type\":\"PropertyValueSpecification\",\"valueRequired\":true,\"valueName\":\"search_term_string\"}}],\"inLanguage\":\"en-US\"},{\"@type\":\"Organization\",\"@id\":\"https:\\\/\\\/fb2b.fr\\\/#organization\",\"name\":\"FB2b\",\"url\":\"https:\\\/\\\/fb2b.fr\\\/\",\"logo\":{\"@type\":\"ImageObject\",\"inLanguage\":\"en-US\",\"@id\":\"https:\\\/\\\/fb2b.fr\\\/#\\\/schema\\\/logo\\\/image\\\/\",\"url\":\"https:\\\/\\\/fb2b.fr\\\/wp-content\\\/uploads\\\/2024\\\/03\\\/cropped-Logo-FB2B-rond-transparent.png\",\"contentUrl\":\"https:\\\/\\\/fb2b.fr\\\/wp-content\\\/uploads\\\/2024\\\/03\\\/cropped-Logo-FB2B-rond-transparent.png\",\"width\":250,\"height\":250,\"caption\":\"FB2b\"},\"image\":{\"@id\":\"https:\\\/\\\/fb2b.fr\\\/#\\\/schema\\\/logo\\\/image\\\/\"},\"sameAs\":[\"https:\\\/\\\/www.facebook.com\\\/fb2bplomberie\"]}]}<\/script>\n<!-- \/ Yoast SEO plugin. -->","yoast_head_json":{"title":"\u00c0 propos de - FB2b","robots":{"index":"index","follow":"follow","max-snippet":"max-snippet:-1","max-image-preview":"max-image-preview:large","max-video-preview":"max-video-preview:-1"},"canonical":"https:\/\/fb2b.fr\/index.php\/a-propos-de\/","og_locale":"en_US","og_type":"article","og_title":"\u00c0 propos de - FB2b","og_description":"FB2B est une entreprise enregistr\u00e9e au registre RCS de Bastia, domicili\u00e9e au chemin de Pastoreccia, 20600 Bastia. Bas\u00e9e \u00e0 Bastia, notre entreprise sert \u00e9galement les zones avoisinantes telles que Furiani, Biguglia, Borgo, et bien d&#8217;autres encore. Chez FB2B, notre engagement est de vous offrir des services de qualit\u00e9, un accompagnement personnalis\u00e9s dans vos travaux et &hellip; Continue reading \"\u00c0 propos de\"","og_url":"https:\/\/fb2b.fr\/index.php\/a-propos-de\/","og_site_name":"FB2b","article_publisher":"https:\/\/www.facebook.com\/fb2bplomberie","article_modified_time":"2024-03-10T11:59:45+00:00","og_image":[{"width":1024,"height":614,"url":"https:\/\/fb2b.fr\/wp-content\/uploads\/2024\/03\/6-1024x614.png","type":"image\/png"}],"twitter_card":"summary_large_image","twitter_misc":{"Est. reading time":"1 minute"},"schema":{"@context":"https:\/\/schema.org","@graph":[{"@type":"WebPage","@id":"https:\/\/fb2b.fr\/index.php\/a-propos-de\/","url":"https:\/\/fb2b.fr\/index.php\/a-propos-de\/","name":"\u00c0 propos de - FB2b","isPartOf":{"@id":"https:\/\/fb2b.fr\/#website"},"primaryImageOfPage":{"@id":"https:\/\/fb2b.fr\/index.php\/a-propos-de\/#primaryimage"},"image":{"@id":"https:\/\/fb2b.fr\/index.php\/a-propos-de\/#primaryimage"},"thumbnailUrl":"https:\/\/fb2b.fr\/wp-content\/uploads\/2024\/03\/6.png","datePublished":"2024-03-01T10:29:17+00:00","dateModified":"2024-03-10T11:59:45+00:00","breadcrumb":{"@id":"https:\/\/fb2b.fr\/index.php\/a-propos-de\/#breadcrumb"},"inLanguage":"en-US","potentialAction":[{"@type":"ReadAction","target":["https:\/\/fb2b.fr\/index.php\/a-propos-de\/"]}]},{"@type":"ImageObject","inLanguage":"en-US","@id":"https:\/\/fb2b.fr\/index.php\/a-propos-de\/#primaryimage","url":"https:\/\/fb2b.fr\/wp-content\/uploads\/2024\/03\/6.png","contentUrl":"https:\/\/fb2b.fr\/wp-content\/uploads\/2024\/03\/6.png","width":2000,"height":1200},{"@type":"BreadcrumbList","@id":"https:\/\/fb2b.fr\/index.php\/a-propos-de\/#breadcrumb","itemListElement":[{"@type":"ListItem","position":1,"name":"Accueil","item":"https:\/\/fb2b.fr\/"},{"@type":"ListItem","position":2,"name":"\u00c0 propos de"}]},{"@type":"WebSite","@id":"https:\/\/fb2b.fr\/#website","url":"https:\/\/fb2b.fr\/","name":"FB2b","description":"Plomberie \u00c9lectricit\u00e9 R\u00e9novation ","publisher":{"@id":"https:\/\/fb2b.fr\/#organization"},"potentialAction":[{"@type":"SearchAction","target":{"@type":"EntryPoint","urlTemplate":"https:\/\/fb2b.fr\/?s={search_term_string}"},"query-input":{"@type":"PropertyValueSpecification","valueRequired":true,"valueName":"search_term_string"}}],"inLanguage":"en-US"},{"@type":"Organization","@id":"https:\/\/fb2b.fr\/#organization","name":"FB2b","url":"https:\/\/fb2b.fr\/","logo":{"@type":"ImageObject","inLanguage":"en-US","@id":"https:\/\/fb2b.fr\/#\/schema\/logo\/image\/","url":"https:\/\/fb2b.fr\/wp-content\/uploads\/2024\/03\/cropped-Logo-FB2B-rond-transparent.png","contentUrl":"https:\/\/fb2b.fr\/wp-content\/uploads\/2024\/03\/cropped-Logo-FB2B-rond-transparent.png","width":250,"height":250,"caption":"FB2b"},"image":{"@id":"https:\/\/fb2b.fr\/#\/schema\/logo\/image\/"},"sameAs":["https:\/\/www.facebook.com\/fb2bplomberie"]}]}},"_links":{"self":[{"href":"https:\/\/fb2b.fr\/index.php\/wp-json\/wp\/v2\/pages\/13","targetHints":{"allow":["GET"]}}],"collection":[{"href":"https:\/\/fb2b.fr\/index.php\/wp-json\/wp\/v2\/pages"}],"about":[{"href":"https:\/\/fb2b.fr\/index.php\/wp-json\/wp\/v2\/types\/page"}],"author":[{"embeddable":true,"href":"https:\/\/fb2b.fr\/index.php\/wp-json\/wp\/v2\/users\/1"}],"replies":[{"embeddable":true,"href":"https:\/\/fb2b.fr\/index.php\/wp-json\/wp\/v2\/comments?post=13"}],"version-history":[{"count":8,"href":"https:\/\/fb2b.fr\/index.php\/wp-json\/wp\/v2\/pages\/13\/revisions"}],"predecessor-version":[{"id":110,"href":"https:\/\/fb2b.fr\/index.php\/wp-json\/wp\/v2\/pages\/13\/revisions\/110"}],"wp:featuredmedia":[{"embeddable":true,"href":"https:\/\/fb2b.fr\/index.php\/wp-json\/wp\/v2\/media\/40"}],"wp:attachment":[{"href":"https:\/\/fb2b.fr\/index.php\/wp-json\/wp\/v2\/media?parent=13"}],"curies":[{"name":"wp","href":"https:\/\/api.w.org\/{rel}","templated":true}]}}