{"id":14,"date":"2024-03-01T11:29:17","date_gmt":"2024-03-01T10:29:17","guid":{"rendered":"https:\/\/fb2b.fr\/?page_id=14"},"modified":"2024-03-11T12:38:57","modified_gmt":"2024-03-11T11:38:57","slug":"contact","status":"publish","type":"page","link":"https:\/\/fb2b.fr\/index.php\/contact\/","title":{"rendered":"Contact"},"content":{"rendered":"\t\t<div data-elementor-type=\"wp-page\" data-elementor-id=\"14\" class=\"elementor elementor-14\">\n\t\t\t\t<div class=\"elementor-element elementor-element-16547dc e-flex e-con-boxed e-con e-parent\" data-id=\"16547dc\" data-element_type=\"container\" data-e-type=\"container\">\n\t\t\t\t\t<div class=\"e-con-inner\">\n\t\t\t\t<div class=\"elementor-element elementor-element-904b55e elementor-widget elementor-widget-wpforms\" data-id=\"904b55e\" data-element_type=\"widget\" data-e-type=\"widget\" data-widget_type=\"wpforms.default\">\n\t\t\t\t<div class=\"elementor-widget-container\">\n\t\t\t\t\t<div class=\"wpforms-container wpforms-container-full wpforms-render-modern\" id=\"wpforms-66\"><form id=\"wpforms-form-66\" class=\"wpforms-validate wpforms-form wpforms-ajax-form\" data-formid=\"66\" method=\"post\" enctype=\"multipart\/form-data\" action=\"\/index.php\/wp-json\/wp\/v2\/pages\/14\" data-token=\"09933a25a7862c5c1edbddd1db0d3f2b\" data-token-time=\"1775641160\"><noscript class=\"wpforms-error-noscript\">Please enable JavaScript in your browser to complete this form.<\/noscript><div id=\"wpforms-error-noscript\" style=\"display: none;\">Please enable JavaScript in your browser to complete this form.<\/div><div class=\"wpforms-field-container\"><div id=\"wpforms-66-field_0-container\" class=\"wpforms-field wpforms-field-name\" data-field-id=\"0\"><fieldset><legend class=\"wpforms-field-label\">Nom <span class=\"wpforms-required-label\" aria-hidden=\"true\">*<\/span><\/legend><div class=\"wpforms-field-row wpforms-field-medium\"><div class=\"wpforms-field-row-block wpforms-first wpforms-one-half\"><input type=\"text\" id=\"wpforms-66-field_0\" class=\"wpforms-field-name-first wpforms-field-required\" name=\"wpforms[fields][0][first]\" aria-errormessage=\"wpforms-66-field_0-error\" required><label for=\"wpforms-66-field_0\" class=\"wpforms-field-sublabel after\">First<\/label><\/div><div class=\"wpforms-field-row-block wpforms-one-half\"><input type=\"text\" id=\"wpforms-66-field_0-last\" class=\"wpforms-field-name-last wpforms-field-required\" name=\"wpforms[fields][0][last]\" aria-errormessage=\"wpforms-66-field_0-last-error\" required><label for=\"wpforms-66-field_0-last\" class=\"wpforms-field-sublabel after\">Last<\/label><\/div><\/div><\/fieldset><\/div><div id=\"wpforms-66-field_3-container\" class=\"wpforms-field wpforms-field-text\" data-field-id=\"3\"><label class=\"wpforms-field-label\" for=\"wpforms-66-field_3\">Num\u00e9ro de t\u00e9l\u00e9phone <span class=\"wpforms-required-label\" aria-hidden=\"true\">*<\/span><\/label><input type=\"text\" id=\"wpforms-66-field_3\" class=\"wpforms-field-medium wpforms-field-required\" name=\"wpforms[fields][3]\" aria-errormessage=\"wpforms-66-field_3-error\" required><\/div><div id=\"wpforms-66-field_1-container\" class=\"wpforms-field wpforms-field-email\" data-field-id=\"1\"><label class=\"wpforms-field-label\" for=\"wpforms-66-field_1\">E-mail <span class=\"wpforms-required-label\" aria-hidden=\"true\">*<\/span><\/label><input type=\"email\" id=\"wpforms-66-field_1\" class=\"wpforms-field-medium wpforms-field-required\" name=\"wpforms[fields][1]\" spellcheck=\"false\" aria-errormessage=\"wpforms-66-field_1-error\" required><\/div><div id=\"wpforms-66-field_2-container\" class=\"wpforms-field wpforms-field-textarea\" data-field-id=\"2\"><label class=\"wpforms-field-label\" for=\"wpforms-66-field_2\">Commentaire ou message<\/label><textarea id=\"wpforms-66-field_2\" class=\"wpforms-field-medium\" name=\"wpforms[fields][2]\" aria-errormessage=\"wpforms-66-field_2-error\" ><\/textarea><\/div><\/div><!-- .wpforms-field-container --><div class=\"wpforms-submit-container\" ><input type=\"hidden\" name=\"wpforms[id]\" value=\"66\"><input type=\"hidden\" name=\"page_title\" value=\"\"><input type=\"hidden\" name=\"page_url\" value=\"https:\/\/fb2b.fr\/index.php\/wp-json\/wp\/v2\/pages\/14\"><input type=\"hidden\" name=\"url_referer\" value=\"\"><button type=\"submit\" name=\"wpforms[submit]\" id=\"wpforms-submit-66\" class=\"wpforms-submit\" data-alt-text=\"Envoi...\" data-submit-text=\"Envoyer\" aria-live=\"assertive\" value=\"wpforms-submit\">Envoyer<\/button><img decoding=\"async\" src=\"https:\/\/fb2b.fr\/wp-content\/plugins\/wpforms-lite\/assets\/images\/submit-spin.svg\" class=\"wpforms-submit-spinner\" style=\"display: none;\" width=\"26\" height=\"26\" alt=\"Loading\"><\/div><\/form><\/div>  <!-- .wpforms-container -->\t\t\t\t<\/div>\n\t\t\t\t<\/div>\n\t\t\t\t<div class=\"elementor-element elementor-element-6defeb2 elementor-widget elementor-widget-heading\" data-id=\"6defeb2\" data-element_type=\"widget\" data-e-type=\"widget\" data-widget_type=\"heading.default\">\n\t\t\t\t<div class=\"elementor-widget-container\">\n\t\t\t\t\t<h2 class=\"elementor-heading-title elementor-size-default\">N'h\u00e9sitez pas \u00e0 nous contacter, nous sommes ouvert 7j\/7<br><br>07 83 90 41 55<\/h2>\t\t\t\t<\/div>\n\t\t\t\t<\/div>\n\t\t\t\t\t<\/div>\n\t\t\t\t<\/div>\n\t\t<div class=\"elementor-element elementor-element-9bda9ac e-flex e-con-boxed e-con e-parent\" data-id=\"9bda9ac\" data-element_type=\"container\" data-e-type=\"container\">\n\t\t\t\t\t<div class=\"e-con-inner\">\n\t\t<div class=\"elementor-element elementor-element-aedd679 e-con-full e-flex e-con e-child\" data-id=\"aedd679\" data-element_type=\"container\" data-e-type=\"container\">\n\t\t\t\t<div class=\"elementor-element elementor-element-5f9740e elementor-widget__width-initial elementor-widget-mobile__width-initial elementor-widget elementor-widget-image\" data-id=\"5f9740e\" data-element_type=\"widget\" data-e-type=\"widget\" data-widget_type=\"image.default\">\n\t\t\t\t<div class=\"elementor-widget-container\">\n\t\t\t\t\t\t\t\t\t\t\t\t<figure class=\"wp-caption\">\n\t\t\t\t\t\t\t\t\t\t\t<a href=\"https:\/\/fr.mappy.com\/poi\/640454616da8cf0bbd52f1c2\">\n\t\t\t\t\t\t\t<img decoding=\"async\" width=\"150\" height=\"150\" src=\"https:\/\/fb2b.fr\/wp-content\/uploads\/2024\/03\/Mappy-310.6c0a14168393e466004c-150x150.png\" class=\"attachment-thumbnail size-thumbnail wp-image-128\" alt=\"\" srcset=\"https:\/\/fb2b.fr\/wp-content\/uploads\/2024\/03\/Mappy-310.6c0a14168393e466004c-150x150.png 150w, https:\/\/fb2b.fr\/wp-content\/uploads\/2024\/03\/Mappy-310.6c0a14168393e466004c-300x300.png 300w, https:\/\/fb2b.fr\/wp-content\/uploads\/2024\/03\/Mappy-310.6c0a14168393e466004c-100x100.png 100w, https:\/\/fb2b.fr\/wp-content\/uploads\/2024\/03\/Mappy-310.6c0a14168393e466004c.png 310w\" sizes=\"100vw\" \/>\t\t\t\t\t\t\t\t<\/a>\n\t\t\t\t\t\t\t\t\t\t\t<figcaption class=\"widget-image-caption wp-caption-text\">Mappy<\/figcaption>\n\t\t\t\t\t\t\t\t\t\t<\/figure>\n\t\t\t\t\t\t\t\t\t<\/div>\n\t\t\t\t<\/div>\n\t\t\t\t<\/div>\n\t\t\t\t<div class=\"elementor-element elementor-element-ec76734 elementor-widget__width-initial elementor-widget-mobile__width-initial elementor-absolute elementor-widget elementor-widget-image\" data-id=\"ec76734\" data-element_type=\"widget\" data-e-type=\"widget\" data-settings=\"{&quot;_position&quot;:&quot;absolute&quot;}\" data-widget_type=\"image.default\">\n\t\t\t\t<div class=\"elementor-widget-container\">\n\t\t\t\t\t\t\t\t\t\t\t\t<figure class=\"wp-caption\">\n\t\t\t\t\t\t\t\t\t\t\t<a href=\"https:\/\/www.pagesjaunes.fr\/pros\/60621602\">\n\t\t\t\t\t\t\t<img decoding=\"async\" width=\"150\" height=\"150\" src=\"https:\/\/fb2b.fr\/wp-content\/uploads\/2024\/03\/telechargement-150x150.png\" class=\"attachment-thumbnail size-thumbnail wp-image-116\" alt=\"\" srcset=\"https:\/\/fb2b.fr\/wp-content\/uploads\/2024\/03\/telechargement-150x150.png 150w, https:\/\/fb2b.fr\/wp-content\/uploads\/2024\/03\/telechargement-100x100.png 100w, https:\/\/fb2b.fr\/wp-content\/uploads\/2024\/03\/telechargement.png 225w\" sizes=\"100vw\" \/>\t\t\t\t\t\t\t\t<\/a>\n\t\t\t\t\t\t\t\t\t\t\t<figcaption class=\"widget-image-caption wp-caption-text\">Pagesjaunes<\/figcaption>\n\t\t\t\t\t\t\t\t\t\t<\/figure>\n\t\t\t\t\t\t\t\t\t<\/div>\n\t\t\t\t<\/div>\n\t\t\t\t\t<\/div>\n\t\t\t\t<\/div>\n\t\t\t\t<\/div>\n\t\t","protected":false},"excerpt":{"rendered":"<p>Veuillez activer JavaScript dans votre navigateur pour remplir ce formulaire.Veuillez activer JavaScript dans votre navigateur pour remplir ce formulaire. Nom * Pr\u00e9nomNom Num\u00e9ro de t\u00e9l\u00e9phone *E-mail *Commentaire ou message Envoyer N&#8217;h\u00e9sitez pas \u00e0 nous contacter, nous sommes ouvert 7j\/7 07 83 90 41 55 Mappy Pagesjaunes<\/p>\n","protected":false},"author":1,"featured_media":0,"parent":0,"menu_order":0,"comment_status":"closed","ping_status":"closed","template":"","meta":{"footnotes":""},"class_list":["post-14","page","type-page","status-publish","hentry"],"yoast_head":"<!-- This site is optimized with the Yoast SEO plugin v27.3 - https:\/\/yoast.com\/product\/yoast-seo-wordpress\/ -->\n<title>Contact - FB2b<\/title>\n<meta name=\"description\" content=\"Plombier bastia, entreprise de plomberie, urgence d\u00e9pannage plomberie bastia, r\u00e9paration fuite bastia, d\u00e9bouchage canalisation bastia, Plombier biguglia furiani, borgo, entreprise de plomberie biguglia, furiani, borgo, urgence d\u00e9pannage plomberie biguglia, r\u00e9paration fuite biguglia, furiani, borgo, d\u00e9bouchage canalisation biguglia, furinia, borgo\" \/>\n<meta name=\"robots\" content=\"index, follow, max-snippet:-1, max-image-preview:large, max-video-preview:-1\" \/>\n<link rel=\"canonical\" href=\"https:\/\/fb2b.fr\/index.php\/contact\/\" \/>\n<meta property=\"og:locale\" content=\"en_US\" \/>\n<meta property=\"og:type\" content=\"article\" \/>\n<meta property=\"og:title\" content=\"Contact - FB2b\" \/>\n<meta property=\"og:description\" content=\"Plombier bastia, entreprise de plomberie, urgence d\u00e9pannage plomberie bastia, r\u00e9paration fuite bastia, d\u00e9bouchage canalisation bastia, Plombier biguglia furiani, borgo, entreprise de plomberie biguglia, furiani, borgo, urgence d\u00e9pannage plomberie biguglia, r\u00e9paration fuite biguglia, furiani, borgo, d\u00e9bouchage canalisation biguglia, furinia, borgo\" \/>\n<meta property=\"og:url\" content=\"https:\/\/fb2b.fr\/index.php\/contact\/\" \/>\n<meta property=\"og:site_name\" content=\"FB2b\" \/>\n<meta property=\"article:publisher\" content=\"https:\/\/www.facebook.com\/fb2bplomberie\" \/>\n<meta property=\"article:modified_time\" content=\"2024-03-11T11:38:57+00:00\" \/>\n<meta property=\"og:image\" content=\"https:\/\/fb2b.fr\/wp-content\/plugins\/wpforms-lite\/assets\/images\/submit-spin.svg\" \/>\n<meta name=\"twitter:card\" content=\"summary_large_image\" \/>\n<meta name=\"twitter:label1\" content=\"Est. reading time\" \/>\n\t<meta name=\"twitter:data1\" content=\"1 minute\" \/>\n<script type=\"application\/ld+json\" class=\"yoast-schema-graph\">{\"@context\":\"https:\\\/\\\/schema.org\",\"@graph\":[{\"@type\":\"WebPage\",\"@id\":\"https:\\\/\\\/fb2b.fr\\\/index.php\\\/contact\\\/\",\"url\":\"https:\\\/\\\/fb2b.fr\\\/index.php\\\/contact\\\/\",\"name\":\"Contact - FB2b\",\"isPartOf\":{\"@id\":\"https:\\\/\\\/fb2b.fr\\\/#website\"},\"primaryImageOfPage\":{\"@id\":\"https:\\\/\\\/fb2b.fr\\\/index.php\\\/contact\\\/#primaryimage\"},\"image\":{\"@id\":\"https:\\\/\\\/fb2b.fr\\\/index.php\\\/contact\\\/#primaryimage\"},\"thumbnailUrl\":\"https:\\\/\\\/fb2b.fr\\\/wp-content\\\/plugins\\\/wpforms-lite\\\/assets\\\/images\\\/submit-spin.svg\",\"datePublished\":\"2024-03-01T10:29:17+00:00\",\"dateModified\":\"2024-03-11T11:38:57+00:00\",\"description\":\"Plombier bastia, entreprise de plomberie, urgence d\u00e9pannage plomberie bastia, r\u00e9paration fuite bastia, d\u00e9bouchage canalisation bastia, Plombier biguglia furiani, borgo, entreprise de plomberie biguglia, furiani, borgo, urgence d\u00e9pannage plomberie biguglia, r\u00e9paration fuite biguglia, furiani, borgo, d\u00e9bouchage canalisation biguglia, furinia, borgo\",\"breadcrumb\":{\"@id\":\"https:\\\/\\\/fb2b.fr\\\/index.php\\\/contact\\\/#breadcrumb\"},\"inLanguage\":\"en-US\",\"potentialAction\":[{\"@type\":\"ReadAction\",\"target\":[\"https:\\\/\\\/fb2b.fr\\\/index.php\\\/contact\\\/\"]}]},{\"@type\":\"ImageObject\",\"inLanguage\":\"en-US\",\"@id\":\"https:\\\/\\\/fb2b.fr\\\/index.php\\\/contact\\\/#primaryimage\",\"url\":\"https:\\\/\\\/fb2b.fr\\\/wp-content\\\/plugins\\\/wpforms-lite\\\/assets\\\/images\\\/submit-spin.svg\",\"contentUrl\":\"https:\\\/\\\/fb2b.fr\\\/wp-content\\\/plugins\\\/wpforms-lite\\\/assets\\\/images\\\/submit-spin.svg\"},{\"@type\":\"BreadcrumbList\",\"@id\":\"https:\\\/\\\/fb2b.fr\\\/index.php\\\/contact\\\/#breadcrumb\",\"itemListElement\":[{\"@type\":\"ListItem\",\"position\":1,\"name\":\"Accueil\",\"item\":\"https:\\\/\\\/fb2b.fr\\\/\"},{\"@type\":\"ListItem\",\"position\":2,\"name\":\"Contact\"}]},{\"@type\":\"WebSite\",\"@id\":\"https:\\\/\\\/fb2b.fr\\\/#website\",\"url\":\"https:\\\/\\\/fb2b.fr\\\/\",\"name\":\"FB2b\",\"description\":\"Plomberie \u00c9lectricit\u00e9 R\u00e9novation \",\"publisher\":{\"@id\":\"https:\\\/\\\/fb2b.fr\\\/#organization\"},\"potentialAction\":[{\"@type\":\"SearchAction\",\"target\":{\"@type\":\"EntryPoint\",\"urlTemplate\":\"https:\\\/\\\/fb2b.fr\\\/?s={search_term_string}\"},\"query-input\":{\"@type\":\"PropertyValueSpecification\",\"valueRequired\":true,\"valueName\":\"search_term_string\"}}],\"inLanguage\":\"en-US\"},{\"@type\":\"Organization\",\"@id\":\"https:\\\/\\\/fb2b.fr\\\/#organization\",\"name\":\"FB2b\",\"url\":\"https:\\\/\\\/fb2b.fr\\\/\",\"logo\":{\"@type\":\"ImageObject\",\"inLanguage\":\"en-US\",\"@id\":\"https:\\\/\\\/fb2b.fr\\\/#\\\/schema\\\/logo\\\/image\\\/\",\"url\":\"https:\\\/\\\/fb2b.fr\\\/wp-content\\\/uploads\\\/2024\\\/03\\\/cropped-Logo-FB2B-rond-transparent.png\",\"contentUrl\":\"https:\\\/\\\/fb2b.fr\\\/wp-content\\\/uploads\\\/2024\\\/03\\\/cropped-Logo-FB2B-rond-transparent.png\",\"width\":250,\"height\":250,\"caption\":\"FB2b\"},\"image\":{\"@id\":\"https:\\\/\\\/fb2b.fr\\\/#\\\/schema\\\/logo\\\/image\\\/\"},\"sameAs\":[\"https:\\\/\\\/www.facebook.com\\\/fb2bplomberie\"]}]}<\/script>\n<!-- \/ Yoast SEO plugin. -->","yoast_head_json":{"title":"Contact - FB2b","description":"Plombier bastia, entreprise de plomberie, urgence d\u00e9pannage plomberie bastia, r\u00e9paration fuite bastia, d\u00e9bouchage canalisation bastia, Plombier biguglia furiani, borgo, entreprise de plomberie biguglia, furiani, borgo, urgence d\u00e9pannage plomberie biguglia, r\u00e9paration fuite biguglia, furiani, borgo, d\u00e9bouchage canalisation biguglia, furinia, borgo","robots":{"index":"index","follow":"follow","max-snippet":"max-snippet:-1","max-image-preview":"max-image-preview:large","max-video-preview":"max-video-preview:-1"},"canonical":"https:\/\/fb2b.fr\/index.php\/contact\/","og_locale":"en_US","og_type":"article","og_title":"Contact - FB2b","og_description":"Plombier bastia, entreprise de plomberie, urgence d\u00e9pannage plomberie bastia, r\u00e9paration fuite bastia, d\u00e9bouchage canalisation bastia, Plombier biguglia furiani, borgo, entreprise de plomberie biguglia, furiani, borgo, urgence d\u00e9pannage plomberie biguglia, r\u00e9paration fuite biguglia, furiani, borgo, d\u00e9bouchage canalisation biguglia, furinia, borgo","og_url":"https:\/\/fb2b.fr\/index.php\/contact\/","og_site_name":"FB2b","article_publisher":"https:\/\/www.facebook.com\/fb2bplomberie","article_modified_time":"2024-03-11T11:38:57+00:00","og_image":[{"url":"https:\/\/fb2b.fr\/wp-content\/plugins\/wpforms-lite\/assets\/images\/submit-spin.svg","type":"","width":"","height":""}],"twitter_card":"summary_large_image","twitter_misc":{"Est. reading time":"1 minute"},"schema":{"@context":"https:\/\/schema.org","@graph":[{"@type":"WebPage","@id":"https:\/\/fb2b.fr\/index.php\/contact\/","url":"https:\/\/fb2b.fr\/index.php\/contact\/","name":"Contact - FB2b","isPartOf":{"@id":"https:\/\/fb2b.fr\/#website"},"primaryImageOfPage":{"@id":"https:\/\/fb2b.fr\/index.php\/contact\/#primaryimage"},"image":{"@id":"https:\/\/fb2b.fr\/index.php\/contact\/#primaryimage"},"thumbnailUrl":"https:\/\/fb2b.fr\/wp-content\/plugins\/wpforms-lite\/assets\/images\/submit-spin.svg","datePublished":"2024-03-01T10:29:17+00:00","dateModified":"2024-03-11T11:38:57+00:00","description":"Plombier bastia, entreprise de plomberie, urgence d\u00e9pannage plomberie bastia, r\u00e9paration fuite bastia, d\u00e9bouchage canalisation bastia, Plombier biguglia furiani, borgo, entreprise de plomberie biguglia, furiani, borgo, urgence d\u00e9pannage plomberie biguglia, r\u00e9paration fuite biguglia, furiani, borgo, d\u00e9bouchage canalisation biguglia, furinia, borgo","breadcrumb":{"@id":"https:\/\/fb2b.fr\/index.php\/contact\/#breadcrumb"},"inLanguage":"en-US","potentialAction":[{"@type":"ReadAction","target":["https:\/\/fb2b.fr\/index.php\/contact\/"]}]},{"@type":"ImageObject","inLanguage":"en-US","@id":"https:\/\/fb2b.fr\/index.php\/contact\/#primaryimage","url":"https:\/\/fb2b.fr\/wp-content\/plugins\/wpforms-lite\/assets\/images\/submit-spin.svg","contentUrl":"https:\/\/fb2b.fr\/wp-content\/plugins\/wpforms-lite\/assets\/images\/submit-spin.svg"},{"@type":"BreadcrumbList","@id":"https:\/\/fb2b.fr\/index.php\/contact\/#breadcrumb","itemListElement":[{"@type":"ListItem","position":1,"name":"Accueil","item":"https:\/\/fb2b.fr\/"},{"@type":"ListItem","position":2,"name":"Contact"}]},{"@type":"WebSite","@id":"https:\/\/fb2b.fr\/#website","url":"https:\/\/fb2b.fr\/","name":"FB2b","description":"Plomberie \u00c9lectricit\u00e9 R\u00e9novation ","publisher":{"@id":"https:\/\/fb2b.fr\/#organization"},"potentialAction":[{"@type":"SearchAction","target":{"@type":"EntryPoint","urlTemplate":"https:\/\/fb2b.fr\/?s={search_term_string}"},"query-input":{"@type":"PropertyValueSpecification","valueRequired":true,"valueName":"search_term_string"}}],"inLanguage":"en-US"},{"@type":"Organization","@id":"https:\/\/fb2b.fr\/#organization","name":"FB2b","url":"https:\/\/fb2b.fr\/","logo":{"@type":"ImageObject","inLanguage":"en-US","@id":"https:\/\/fb2b.fr\/#\/schema\/logo\/image\/","url":"https:\/\/fb2b.fr\/wp-content\/uploads\/2024\/03\/cropped-Logo-FB2B-rond-transparent.png","contentUrl":"https:\/\/fb2b.fr\/wp-content\/uploads\/2024\/03\/cropped-Logo-FB2B-rond-transparent.png","width":250,"height":250,"caption":"FB2b"},"image":{"@id":"https:\/\/fb2b.fr\/#\/schema\/logo\/image\/"},"sameAs":["https:\/\/www.facebook.com\/fb2bplomberie"]}]}},"_links":{"self":[{"href":"https:\/\/fb2b.fr\/index.php\/wp-json\/wp\/v2\/pages\/14","targetHints":{"allow":["GET"]}}],"collection":[{"href":"https:\/\/fb2b.fr\/index.php\/wp-json\/wp\/v2\/pages"}],"about":[{"href":"https:\/\/fb2b.fr\/index.php\/wp-json\/wp\/v2\/types\/page"}],"author":[{"embeddable":true,"href":"https:\/\/fb2b.fr\/index.php\/wp-json\/wp\/v2\/users\/1"}],"replies":[{"embeddable":true,"href":"https:\/\/fb2b.fr\/index.php\/wp-json\/wp\/v2\/comments?post=14"}],"version-history":[{"count":40,"href":"https:\/\/fb2b.fr\/index.php\/wp-json\/wp\/v2\/pages\/14\/revisions"}],"predecessor-version":[{"id":155,"href":"https:\/\/fb2b.fr\/index.php\/wp-json\/wp\/v2\/pages\/14\/revisions\/155"}],"wp:attachment":[{"href":"https:\/\/fb2b.fr\/index.php\/wp-json\/wp\/v2\/media?parent=14"}],"curies":[{"name":"wp","href":"https:\/\/api.w.org\/{rel}","templated":true}]}}